{"id":64,"date":"2013-11-11T08:22:50","date_gmt":"2013-11-11T08:22:50","guid":{"rendered":"https:\/\/miju.es\/w\/es\/?page_id=64"},"modified":"2013-11-17T11:51:33","modified_gmt":"2013-11-17T11:51:33","slug":"i-d-i","status":"publish","type":"page","link":"https:\/\/miju.es\/w\/es\/i-d-i\/","title":{"rendered":"I + D + I"},"content":{"rendered":"<p><a href=\"https:\/\/miju.es\/w\/es\/wp-content\/uploads\/sites\/2\/2013\/11\/i+d+i-lab.jpg\" class=\"grouped_elements\" rel=\"tc-fancybox-group64\" title=\"I + D + I\"><img decoding=\"async\" loading=\"lazy\" class=\"size-thumbnail wp-image-67 alignleft\" alt=\"Working in the laboratory\" src=\"https:\/\/miju.es\/w\/es\/wp-content\/uploads\/sites\/2\/2013\/11\/i+d+i-lab-150x150.jpg\" width=\"150\" height=\"150\" \/><\/a>En MIJU damos especial importancia a la investigaci\u00f3n, desarrollo e innovaci\u00f3n, consider\u00e1ndolo como un trabajo de mejora continua, que nos permite estar a la vanguardia de las \u00faltimas tecnolog\u00edas. Contamos con laboratorios muy bien equipados en todas nuestras plantas, equipamientos para ensayos funcionales sobre piezas, y sistemas de control mediante visi\u00f3n artificial.<\/p>\n<p>Como parte de nuestra actividad d\u00edaria se encuentra la colaboraci\u00f3n con centros tecnol\u00f3gicos, lo cual nos permite mediante un trabajo en conjunto asegurar una mejora continua.<\/p>\n<p>Contamos con un laboratorio completo para la realizaci\u00f3n de ensayos qu\u00edmicos y f\u00edsicos, as\u00ed como\u00a0de m\u00e1quinas para la realizaci\u00f3n de ensayos din\u00e1micos y ciclos t\u00e9rmicos desde -70\u00baC hasta 200\u00baC.<\/p>\n<p>Como parte fundamental de nuestros productos, ponemos especial cuidado en el dise\u00f1o y fabricaci\u00f3n de\u00a0nuestros moldes y utiles, contando con software especifico para la realizaci\u00f3n de estudios por elementos finitos, y herramientas CAD \/CAM \/CAE.<\/p>\n<p>Como aseguramiento final a nuestros clientes, contamos con sistemas de verificaci\u00f3n por visi\u00f3n artificial, realizando controles dimensionales, y detecci\u00f3n de peque\u00f1os defectos, con sistemas de \u00faltima tecnologia, contamos con varios equipos adaptados en funci\u00f3n de los tipos de productos o de los requisitos finales del cliente.<\/p>\n<p style=\"text-align: justify;\"><a href=\"https:\/\/miju.es\/w\/es\/wp-content\/uploads\/sites\/2\/2013\/11\/595-2.jpg\" class=\"grouped_elements\" rel=\"tc-fancybox-group64\" title=\"I + D + I\"><img decoding=\"async\" loading=\"lazy\" class=\"wp-image-160 alignnone\" style=\"border: 2px solid black;\" alt=\"595-2\" src=\"https:\/\/miju.es\/w\/es\/wp-content\/uploads\/sites\/2\/2013\/11\/595-2-300x224.jpg\" width=\"180\" height=\"134\" srcset=\"https:\/\/miju.es\/w\/es\/wp-content\/uploads\/sites\/2\/2013\/11\/595-2-300x224.jpg 300w, https:\/\/miju.es\/w\/es\/wp-content\/uploads\/sites\/2\/2013\/11\/595-2.jpg 378w\" sizes=\"(max-width: 180px) 100vw, 180px\" \/><\/a><a href=\"https:\/\/miju.es\/w\/es\/wp-content\/uploads\/sites\/2\/2013\/11\/Fotomolde.jpg\" class=\"grouped_elements\" rel=\"tc-fancybox-group64\" title=\"I + D + I\"><img decoding=\"async\" loading=\"lazy\" class=\"alignnone  wp-image-164\" style=\"border: 2px solid black;\" alt=\"Fotomolde\" src=\"https:\/\/miju.es\/w\/es\/wp-content\/uploads\/sites\/2\/2013\/11\/Fotomolde-300x221.jpg\" width=\"180\" height=\"133\" srcset=\"https:\/\/miju.es\/w\/es\/wp-content\/uploads\/sites\/2\/2013\/11\/Fotomolde-300x221.jpg 300w, https:\/\/miju.es\/w\/es\/wp-content\/uploads\/sites\/2\/2013\/11\/Fotomolde.jpg 384w\" sizes=\"(max-width: 180px) 100vw, 180px\" \/><\/a><a href=\"https:\/\/miju.es\/w\/es\/wp-content\/uploads\/sites\/2\/2013\/11\/maquina1.jpg\" class=\"grouped_elements\" rel=\"tc-fancybox-group64\" title=\"I + D + I\"><img decoding=\"async\" loading=\"lazy\" class=\"alignnone  wp-image-154\" style=\"border: 2px solid black;\" alt=\"maquina1\" src=\"https:\/\/miju.es\/w\/es\/wp-content\/uploads\/sites\/2\/2013\/11\/maquina1-224x300.jpg\" width=\"134\" height=\"180\" srcset=\"https:\/\/miju.es\/w\/es\/wp-content\/uploads\/sites\/2\/2013\/11\/maquina1-224x300.jpg 224w, https:\/\/miju.es\/w\/es\/wp-content\/uploads\/sites\/2\/2013\/11\/maquina1.jpg 320w\" sizes=\"(max-width: 134px) 100vw, 134px\" \/><\/a><a style=\"background-color: #f3f3f3; text-align: center;\" href=\"https:\/\/miju.es\/w\/es\/wp-content\/uploads\/sites\/2\/2013\/11\/rehometro-mdr2000.jpg\" class=\"grouped_elements\" rel=\"tc-fancybox-group64\" title=\"I + D + I\"><img decoding=\"async\" loading=\"lazy\" class=\"wp-image-156 alignnone\" style=\"border: 2px solid black;\" alt=\"\" src=\"https:\/\/miju.es\/w\/es\/wp-content\/uploads\/sites\/2\/2013\/11\/rehometro-mdr2000-213x300.jpg\" width=\"128\" height=\"180\" srcset=\"https:\/\/miju.es\/w\/es\/wp-content\/uploads\/sites\/2\/2013\/11\/rehometro-mdr2000-213x300.jpg 213w, https:\/\/miju.es\/w\/es\/wp-content\/uploads\/sites\/2\/2013\/11\/rehometro-mdr2000.jpg 348w\" sizes=\"(max-width: 128px) 100vw, 128px\" \/><\/a><a href=\"https:\/\/miju.es\/w\/es\/wp-content\/uploads\/sites\/2\/2013\/11\/DSCF1751.jpg\" class=\"grouped_elements\" rel=\"tc-fancybox-group64\" title=\"I + D + I\"><img decoding=\"async\" loading=\"lazy\" class=\"wp-image-170 alignnone\" style=\"border: 2px solid black;\" alt=\"DSCF1751\" src=\"https:\/\/miju.es\/w\/es\/wp-content\/uploads\/sites\/2\/2013\/11\/DSCF1751-150x150.jpg\" width=\"150\" height=\"150\" \/><\/a><\/p>\n<p>&nbsp;<\/p>\n<p>&nbsp;<\/p>\n<p>&nbsp;<\/p>\n<p>&nbsp;<\/p>\n<p>&nbsp;<\/p>\n<p>&nbsp;<\/p>\n<p>&nbsp;<\/p>\n<p>&nbsp;<\/p>\n<p>&nbsp;<\/p>\n","protected":false},"excerpt":{"rendered":"<p>En MIJU damos especial importancia a la investigaci\u00f3n, desarrollo e innovaci\u00f3n, consider\u00e1ndolo como un trabajo de mejora continua, que nos permite estar a la vanguardia de las \u00faltimas tecnolog\u00edas. Contamos con laboratorios muy bien equipados en todas nuestras plantas, equipamientos para ensayos funcionales sobre piezas, y sistemas de control mediante visi\u00f3n artificial. Como parte de [&hellip;]<\/p>\n","protected":false},"author":1,"featured_media":65,"parent":0,"menu_order":0,"comment_status":"open","ping_status":"open","template":"","meta":[],"_links":{"self":[{"href":"https:\/\/miju.es\/w\/es\/wp-json\/wp\/v2\/pages\/64"}],"collection":[{"href":"https:\/\/miju.es\/w\/es\/wp-json\/wp\/v2\/pages"}],"about":[{"href":"https:\/\/miju.es\/w\/es\/wp-json\/wp\/v2\/types\/page"}],"author":[{"embeddable":true,"href":"https:\/\/miju.es\/w\/es\/wp-json\/wp\/v2\/users\/1"}],"replies":[{"embeddable":true,"href":"https:\/\/miju.es\/w\/es\/wp-json\/wp\/v2\/comments?post=64"}],"version-history":[{"count":20,"href":"https:\/\/miju.es\/w\/es\/wp-json\/wp\/v2\/pages\/64\/revisions"}],"predecessor-version":[{"id":70,"href":"https:\/\/miju.es\/w\/es\/wp-json\/wp\/v2\/pages\/64\/revisions\/70"}],"wp:featuredmedia":[{"embeddable":true,"href":"https:\/\/miju.es\/w\/es\/wp-json\/wp\/v2\/media\/65"}],"wp:attachment":[{"href":"https:\/\/miju.es\/w\/es\/wp-json\/wp\/v2\/media?parent=64"}],"curies":[{"name":"wp","href":"https:\/\/api.w.org\/{rel}","templated":true}]}}