{"id":6,"date":"2013-11-10T14:18:39","date_gmt":"2013-11-10T14:18:39","guid":{"rendered":"https:\/\/miju.es\/w\/es\/?page_id=6"},"modified":"2015-03-15T15:37:39","modified_gmt":"2015-03-15T15:37:39","slug":"empresa","status":"publish","type":"page","link":"https:\/\/miju.es\/w\/es\/empresa\/","title":{"rendered":"GRUPO MIJU"},"content":{"rendered":"<p align=\"justify\"><a href=\"https:\/\/miju.es\/w\/es\/wp-content\/uploads\/sites\/2\/2013\/11\/logo-miju1color-250x100-web.png\" class=\"grouped_elements\" rel=\"tc-fancybox-group6\" title=\"GRUPO MIJU \"><img decoding=\"async\" loading=\"lazy\" class=\"alignleft size-full wp-image-461\" alt=\"logo miju1color 250x100 web\" src=\"https:\/\/miju.es\/w\/es\/wp-content\/uploads\/sites\/2\/2013\/11\/logo-miju1color-250x100-web.png\" width=\"280\" height=\"100\" \/><\/a>Es un grupo de empresas de capital aragon\u00e9s que viene desarrollando sus actividades desde 1960, especializados en la producci\u00f3n de componentes a base de materiales pol\u00edmeros, cauchos y termopl\u00e1sticos para diversas aplicaciones industriales y especialmente para el sector de automoci\u00f3n. Cuenta con plantas productivas en <a title=\"MIJU S.A. ESPA\u00d1A\" href=\"https:\/\/miju.es\/w\/es\/?page_id=133\">Espa\u00f1a<\/a> e <a title=\"MIJU COMPONENTS Pvt. Ltd. INDIA\" href=\"https:\/\/miju.es\/w\/es\/?page_id=135\">India<\/a> y con oficina comercial en Alemania. Forma parte adem\u00e1s como patrono de la FUNDACION AITIIP, \u00a0como miembro del CONSORCIO NACIONAL DE FABRICANTES DE CAUCHO, y colabora en proyectos de investigaci\u00f3n con las universidades y centros de investigaci\u00f3n m\u00e1s prestigiosos de Europa.<\/p>\n<p align=\"justify\">Nuestros avales m\u00e1s importantes son, nuestra experiencia de m\u00e1s de 50 a\u00f1os en el sector, un equipo humano joven y din\u00e1mico y presencia internacional lo que nos permite vender nuestros productos en numerosos pa\u00edses, suministrando directamente a Alemania, Francia, Inglaterra, India, China, Tahilandia, Mexico, Turquia, Jap\u00f3n, directamente desde nuestras plantas.<\/p>\n<p align=\"justify\">Quisi\u00e9ramos agradecer la confianza y el apoyo prestado por todos nuestros clientes y proveedores, esperando que el futuro nos permita seguir fortaleciendo nuestras relaciones.<\/p>\n<p align=\"justify\"><a href=\"https:\/\/miju.es\/w\/es\/wp-content\/uploads\/sites\/2\/2013\/11\/caar_logo.jpg\" class=\"grouped_elements\" rel=\"tc-fancybox-group6\" title=\"GRUPO MIJU \"><img decoding=\"async\" loading=\"lazy\" class=\"alignleft  wp-image-479\" alt=\"caar_logo\" src=\"https:\/\/miju.es\/w\/es\/wp-content\/uploads\/sites\/2\/2013\/11\/caar_logo.jpg\" width=\"192\" height=\"66\" \/><\/a><img decoding=\"async\" loading=\"lazy\" class=\"alignleft size-full wp-image-480\" alt=\"aitiip-logo-right\" src=\"https:\/\/miju.es\/w\/es\/wp-content\/uploads\/sites\/2\/2013\/11\/aitiip-logo-right.jpg\" width=\"240\" height=\"100\" \/><a href=\"https:\/\/miju.es\/w\/es\/wp-content\/uploads\/sites\/2\/2013\/11\/buroveritas_ISO_TS-e1385723590275.jpg\" class=\"grouped_elements\" rel=\"tc-fancybox-group6\" title=\"GRUPO MIJU \"><img decoding=\"async\" loading=\"lazy\" class=\"alignleft size-full wp-image-481\" alt=\"buroveritas_ISO_TS\" src=\"https:\/\/miju.es\/w\/es\/wp-content\/uploads\/sites\/2\/2013\/11\/buroveritas_ISO_TS-e1385723590275.jpg\" width=\"190\" height=\"100\" \/><\/a><img decoding=\"async\" loading=\"lazy\" class=\"alignleft size-full wp-image-482\" alt=\"Aenor ISO 9001\" src=\"https:\/\/miju.es\/w\/es\/wp-content\/uploads\/sites\/2\/2013\/11\/Aenor-ISO-9001-e1385723090373.jpg\" width=\"55\" height=\"100\" \/><img decoding=\"async\" loading=\"lazy\" class=\"alignleft size-full wp-image-483\" alt=\"log_aenor_isoTS\" src=\"https:\/\/miju.es\/w\/es\/wp-content\/uploads\/sites\/2\/2013\/11\/log_aenor_isoTS.gif\" width=\"55\" height=\"100\" \/><\/p>\n","protected":false},"excerpt":{"rendered":"<p>Es un grupo de empresas de capital aragon\u00e9s que viene desarrollando sus actividades desde 1960, especializados en la producci\u00f3n de componentes a base de materiales pol\u00edmeros, cauchos y termopl\u00e1sticos para diversas aplicaciones industriales y especialmente para el sector de automoci\u00f3n. Cuenta con plantas productivas en Espa\u00f1a e India y con oficina comercial en Alemania. Forma [&hellip;]<\/p>\n","protected":false},"author":1,"featured_media":11,"parent":0,"menu_order":0,"comment_status":"open","ping_status":"open","template":"","meta":[],"_links":{"self":[{"href":"https:\/\/miju.es\/w\/es\/wp-json\/wp\/v2\/pages\/6"}],"collection":[{"href":"https:\/\/miju.es\/w\/es\/wp-json\/wp\/v2\/pages"}],"about":[{"href":"https:\/\/miju.es\/w\/es\/wp-json\/wp\/v2\/types\/page"}],"author":[{"embeddable":true,"href":"https:\/\/miju.es\/w\/es\/wp-json\/wp\/v2\/users\/1"}],"replies":[{"embeddable":true,"href":"https:\/\/miju.es\/w\/es\/wp-json\/wp\/v2\/comments?post=6"}],"version-history":[{"count":19,"href":"https:\/\/miju.es\/w\/es\/wp-json\/wp\/v2\/pages\/6\/revisions"}],"predecessor-version":[{"id":12,"href":"https:\/\/miju.es\/w\/es\/wp-json\/wp\/v2\/pages\/6\/revisions\/12"}],"wp:featuredmedia":[{"embeddable":true,"href":"https:\/\/miju.es\/w\/es\/wp-json\/wp\/v2\/media\/11"}],"wp:attachment":[{"href":"https:\/\/miju.es\/w\/es\/wp-json\/wp\/v2\/media?parent=6"}],"curies":[{"name":"wp","href":"https:\/\/api.w.org\/{rel}","templated":true}]}}