{"id":135,"date":"2013-11-16T14:01:30","date_gmt":"2013-11-16T14:01:30","guid":{"rendered":"https:\/\/miju.es\/w\/es\/?page_id=135"},"modified":"2013-11-23T12:18:10","modified_gmt":"2013-11-23T12:18:10","slug":"miju-components-pvt-ltd-india","status":"publish","type":"page","link":"https:\/\/miju.es\/w\/es\/empresa\/miju-components-pvt-ltd-india\/","title":{"rendered":"MIJU COMPONENTS Pvt. Ltd. INDIA"},"content":{"rendered":"<p><img decoding=\"async\" loading=\"lazy\" class=\"size-medium wp-image-179 alignleft\" alt=\"DSC00383\" src=\"https:\/\/miju.es\/w\/es\/wp-content\/uploads\/sites\/2\/2013\/11\/DSC00383-300x225.jpg\" width=\"300\" height=\"225\" srcset=\"https:\/\/miju.es\/w\/es\/wp-content\/uploads\/sites\/2\/2013\/11\/DSC00383-300x225.jpg 300w, https:\/\/miju.es\/w\/es\/wp-content\/uploads\/sites\/2\/2013\/11\/DSC00383-1024x768.jpg 1024w, https:\/\/miju.es\/w\/es\/wp-content\/uploads\/sites\/2\/2013\/11\/DSC00383.jpg 2048w\" sizes=\"(max-width: 300px) 100vw, 300px\" \/><\/p>\n<p>&nbsp;<\/p>\n<p><strong>MIJU COMPONENTS Pvt. Ltd<\/strong>, creada en 2004 para potenciar la expansi\u00f3n internacional de MIJU y poder atender el mercado asi\u00e1tico de una forma m\u00e1s directa. Cuenta con los medios necesarios para la fabrici\u00f3n de piezas en todo tipo de cauchos t\u00e9cnicos, por inyecci\u00f3n, compresi\u00f3n y transferencia. Especializados desde 2008 en la fabricaci\u00f3n de componentes moldeados de espuma con durezas de 17 ShA y desde 2011 en la fabricaci\u00f3n de tubos de admisi\u00f3n de aire limpio para autom\u00f3vil.<\/p>\n<p>Componentes y montajes con base de EPDM, NRB, NR, SILICONA, VITON, NBR+PVC, ACM, VAMAC etc.<\/p>\n<p>&nbsp;<\/p>\n<p>&nbsp;<\/p>\n<p><a href=\"https:\/\/miju.es\/w\/es\/wp-content\/uploads\/sites\/2\/2013\/11\/P1010006.jpg\" class=\"grouped_elements\" rel=\"tc-fancybox-group135\" title=\"MIJU COMPONENTS Pvt. Ltd. INDIA\"><img decoding=\"async\" loading=\"lazy\" class=\"alignnone size-thumbnail wp-image-191\" alt=\"OLYMPUS DIGITAL CAMERA\" src=\"https:\/\/miju.es\/w\/es\/wp-content\/uploads\/sites\/2\/2013\/11\/P1010006-150x150.jpg\" width=\"150\" height=\"150\" \/><\/a> <a href=\"https:\/\/miju.es\/w\/es\/wp-content\/uploads\/sites\/2\/2013\/11\/P1010003.jpg\" class=\"grouped_elements\" rel=\"tc-fancybox-group135\" title=\"MIJU COMPONENTS Pvt. Ltd. INDIA\"><img decoding=\"async\" loading=\"lazy\" class=\"alignnone size-thumbnail wp-image-190\" alt=\"OLYMPUS DIGITAL CAMERA\" src=\"https:\/\/miju.es\/w\/es\/wp-content\/uploads\/sites\/2\/2013\/11\/P1010003-150x150.jpg\" width=\"150\" height=\"150\" \/><\/a> <a href=\"https:\/\/miju.es\/w\/es\/wp-content\/uploads\/sites\/2\/2013\/11\/desma-machineworking-with-desma-machine-2.jpg\" class=\"grouped_elements\" rel=\"tc-fancybox-group135\" title=\"MIJU COMPONENTS Pvt. Ltd. INDIA\"><img decoding=\"async\" loading=\"lazy\" class=\"alignnone size-thumbnail wp-image-189\" alt=\"desma machineworking with desma machine 2\" src=\"https:\/\/miju.es\/w\/es\/wp-content\/uploads\/sites\/2\/2013\/11\/desma-machineworking-with-desma-machine-2-150x150.jpg\" width=\"150\" height=\"150\" \/><\/a> <a href=\"https:\/\/miju.es\/w\/es\/wp-content\/uploads\/sites\/2\/2013\/11\/595-2.jpg\" class=\"grouped_elements\" rel=\"tc-fancybox-group135\" title=\"MIJU COMPONENTS Pvt. Ltd. INDIA\"><img decoding=\"async\" loading=\"lazy\" class=\"alignnone size-thumbnail wp-image-160\" alt=\"595-2\" src=\"https:\/\/miju.es\/w\/es\/wp-content\/uploads\/sites\/2\/2013\/11\/595-2-150x150.jpg\" width=\"150\" height=\"150\" \/><\/a> <a href=\"https:\/\/miju.es\/w\/es\/wp-content\/uploads\/sites\/2\/2013\/11\/DSC00390_b.jpg\" class=\"grouped_elements\" rel=\"tc-fancybox-group135\" title=\"MIJU COMPONENTS Pvt. Ltd. INDIA\"><img decoding=\"async\" loading=\"lazy\" class=\"alignnone size-thumbnail wp-image-214\" alt=\"DSC00390_b\" src=\"https:\/\/miju.es\/w\/es\/wp-content\/uploads\/sites\/2\/2013\/11\/DSC00390_b-150x150.jpg\" width=\"150\" height=\"150\" \/><\/a><\/p>\n","protected":false},"excerpt":{"rendered":"<p>&nbsp; MIJU COMPONENTS Pvt. Ltd, creada en 2004 para potenciar la expansi\u00f3n internacional de MIJU y poder atender el mercado asi\u00e1tico de una forma m\u00e1s directa. Cuenta con los medios necesarios para la fabrici\u00f3n de piezas en todo tipo de cauchos t\u00e9cnicos, por inyecci\u00f3n, compresi\u00f3n y transferencia. Especializados desde 2008 en la fabricaci\u00f3n de componentes [&hellip;]<\/p>\n","protected":false},"author":1,"featured_media":0,"parent":6,"menu_order":0,"comment_status":"open","ping_status":"open","template":"","meta":[],"_links":{"self":[{"href":"https:\/\/miju.es\/w\/es\/wp-json\/wp\/v2\/pages\/135"}],"collection":[{"href":"https:\/\/miju.es\/w\/es\/wp-json\/wp\/v2\/pages"}],"about":[{"href":"https:\/\/miju.es\/w\/es\/wp-json\/wp\/v2\/types\/page"}],"author":[{"embeddable":true,"href":"https:\/\/miju.es\/w\/es\/wp-json\/wp\/v2\/users\/1"}],"replies":[{"embeddable":true,"href":"https:\/\/miju.es\/w\/es\/wp-json\/wp\/v2\/comments?post=135"}],"version-history":[{"count":8,"href":"https:\/\/miju.es\/w\/es\/wp-json\/wp\/v2\/pages\/135\/revisions"}],"predecessor-version":[{"id":178,"href":"https:\/\/miju.es\/w\/es\/wp-json\/wp\/v2\/pages\/135\/revisions\/178"}],"up":[{"embeddable":true,"href":"https:\/\/miju.es\/w\/es\/wp-json\/wp\/v2\/pages\/6"}],"wp:attachment":[{"href":"https:\/\/miju.es\/w\/es\/wp-json\/wp\/v2\/media?parent=135"}],"curies":[{"name":"wp","href":"https:\/\/api.w.org\/{rel}","templated":true}]}}