{"id":578,"date":"2019-05-29T07:13:28","date_gmt":"2019-05-29T07:13:28","guid":{"rendered":"https:\/\/miju.es\/w\/en\/?page_id=578"},"modified":"2019-05-29T07:13:28","modified_gmt":"2019-05-29T07:13:28","slug":"privacy-policy","status":"publish","type":"page","link":"https:\/\/miju.es\/w\/en\/privacy-policy\/","title":{"rendered":"Privacy Policy"},"content":{"rendered":"<p align=\"center\"><b>POL\u00cdTICA DE PRIVACIDAD<\/b><\/p>\n<p>Siguiendo los principios de licitud, lealtad y transparencia, ponemos a su disposici\u00f3n la presente Pol\u00edtica de Privacidad.<\/p>\n<p align=\"center\"><strong>\u00bfQui\u00e9n es el Responsable del tratamiento de sus datos?<\/strong><\/p>\n<p>MIJU S.A.<\/p>\n<p>CIF: A50008069<\/p>\n<p>DOMICILIO SOCIAL: POL\u00cdGONO MALPICA, CALLE E, PARCELA 41, 50016, ZARAGOZA<\/p>\n<p>Email: <a href=\"mailto:email@email.com\">carlos.asensio@miju.es<\/a><\/p>\n<p>Tel\u00e9fono: 976457300<\/p>\n<p>DATOS DPO: GRUPO ADAPTALIA \u2013 LEGAL FORMATIVO S.L.<\/p>\n<p align=\"center\"><strong>\u00bfCon qu\u00e9 finalidad tratamos sus datos personales?<\/strong><\/p>\n<p>En MIJU S.A. tratamos la informaci\u00f3n que nos facilita con la finalidad de gestionar la relaci\u00f3n contractual que nos une, gestionar el env\u00edo de la informaci\u00f3n que nos solicita, facilitar a los interesados ofertas de nuestros servicios y\/o productos de su inter\u00e9s y\/o gestionar su candidatura.<\/p>\n<p align=\"center\"><strong>\u00bfPor cu\u00e1nto tiempo conservaremos sus datos personales?<\/strong><\/p>\n<p>Sus datos, ser\u00e1n conservados el tiempo m\u00ednimo necesario para la correcta prestaci\u00f3n del servicio ofrecido as\u00ed como para atender las responsabilidades que se pudieran derivar del mismo y de cualquier otra exigencia legal.<\/p>\n<p align=\"center\"><strong>\u00bfCu\u00e1l es la legitimaci\u00f3n para el tratamiento de sus datos?<\/strong><\/p>\n<p>La base legal para el tratamiento de sus datos personales puede ser la ejecuci\u00f3n de una relaci\u00f3n contractual potencial y\/o suscrita, el inter\u00e9s leg\u00edtimo, la habilitaci\u00f3n legal y\/o el consentimiento del propio interesado. Los datos que le solicitamos son adecuados, pertinentes y estrictamente necesarios y en ning\u00fan caso est\u00e1 obligado a facilit\u00e1rnoslos, pero su no comunicaci\u00f3n podr\u00e1 afectar a la finalidad del servicio o la imposibilidad de prestarlo.<\/p>\n<p align=\"center\"><strong>\u00bfA qu\u00e9 destinatarios se comunicar\u00e1n sus datos?<\/strong><\/p>\n<p>MIJU S.A. no comunicar\u00e1 sus datos a ning\u00fan tercero, salvo que se informe de ello expresamente.<\/p>\n<p align=\"center\"><strong>\u00bfCu\u00e1les son sus derechos cuando nos facilita sus datos?<\/strong><\/p>\n<p>Los derechos de protecci\u00f3n de datos de los que son titulares los interesados son:<\/p>\n<ul>\n<li>Derecho a solicitar el acceso a los datos personales relativos al interesado<\/li>\n<li>Derecho de rectificaci\u00f3n o supresi\u00f3n<\/li>\n<li>Derecho de oposici\u00f3n<\/li>\n<li>Derecho a solicitar la limitaci\u00f3n de su tratamiento<\/li>\n<li>Derecho a la portabilidad de los datos<\/li>\n<\/ul>\n<p>Los titulares de los datos personales obtenidos, podr\u00e1n ejercer sus derechos de protecci\u00f3n de datos personales dirigiendo una comunicaci\u00f3n por escrito al domicilio social de MIJU S.A. o al correo electr\u00f3nico habilitado a tal efecto, <a href=\"mailto:email@email.com\">carlos.asensio@miju.es<\/a>, incluyendo en ambos casos fotocopia de su DNI u otro documento de identificaci\u00f3n equivalente.<\/p>\n<p>Modelos, formularios y m\u00e1s informaci\u00f3n disponible sobre sus derechos en la p\u00e1gina web de la autoridad de control nacional, Agencia Espa\u00f1ola de Protecci\u00f3n de Datos, en adelante, AEPD, <a href=\"http:\/\/www.agpd.es\">www.agpd.es<\/a>.<\/p>\n<p align=\"center\"><strong>\u00bfPuedo retirar el consentimiento?<\/strong><\/p>\n<p>Usted tiene la posibilidad y el derecho a retirar el consentimiento para cualquiera finalidad espec\u00edfica otorgada en su momento, sin que ello afecte a la licitud del tratamiento basado en el consentimiento previo a su retirada.<\/p>\n<p align=\"center\">\u00bfD\u00f3nde puedo reclamar en caso de que considere que no se tratan mis datos correctamente?<\/p>\n<p>Si alg\u00fan interesado considera que sus datos no son tratados correctamente por MIJU S.A. puede dirigir sus reclamaciones al correo <a href=\"mailto:email@email.com\">carlos.asensio@miju.es<\/a> o a la autoridad de protecci\u00f3n de datos que corresponda, siendo la AEPD la indicada en el territorio nacional, <a href=\"http:\/\/www.agpd.es\">www.agpd.es<\/a><\/p>\n<p align=\"center\"><strong>Seguridad y actualizaci\u00f3n de sus datos personales<\/strong><\/p>\n<p>Con el objetivo de salvaguardar la seguridad de sus datos personales, le informamos que MIJU S.A. ha adoptado todas las medidas de \u00edndole t\u00e9cnica y organizativa necesarias para garantizar la seguridad de los datos personales suministrados. Todo ello para evitar su alteraci\u00f3n, p\u00e9rdida, y\/o tratamientos o accesos no autorizados, tal como exige la normativa, si bien la seguridad absoluta no existe.<\/p>\n<p>Es importante que, para que podamos mantener sus datos personales actualizados, nos informe siempre que se produzca una modificaci\u00f3n de los mismos.<\/p>\n<p align=\"center\"><span style=\"color: #000000;\"><strong>Confidencialidad<\/strong><\/span><\/p>\n<p>MIJU S.A. le informa que sus datos ser\u00e1n tratados con el m\u00e1ximo celo y confidencialidad por todo el personal que intervenga en cualquiera de las fases del tratamiento. No cederemos ni comunicaremos a ning\u00fan tercero sus datos, excepto en los casos legalmente previstos, o salvo que el interesado nos hubiera autorizado expresamente.<\/p>\n","protected":false},"excerpt":{"rendered":"<p>POL\u00cdTICA DE PRIVACIDAD Siguiendo los principios de licitud, lealtad y transparencia, ponemos a su disposici\u00f3n la presente Pol\u00edtica de Privacidad. \u00bfQui\u00e9n es el Responsable del tratamiento de sus datos? MIJU S.A. CIF: A50008069 DOMICILIO SOCIAL: POL\u00cdGONO MALPICA, CALLE E, PARCELA 41, 50016, ZARAGOZA Email: carlos.asensio@miju.es Tel\u00e9fono: 976457300 DATOS DPO: GRUPO ADAPTALIA \u2013 LEGAL FORMATIVO S.L. [&hellip;]<\/p>\n","protected":false},"author":1,"featured_media":0,"parent":0,"menu_order":0,"comment_status":"closed","ping_status":"closed","template":"","meta":[],"_links":{"self":[{"href":"https:\/\/miju.es\/w\/en\/wp-json\/wp\/v2\/pages\/578"}],"collection":[{"href":"https:\/\/miju.es\/w\/en\/wp-json\/wp\/v2\/pages"}],"about":[{"href":"https:\/\/miju.es\/w\/en\/wp-json\/wp\/v2\/types\/page"}],"author":[{"embeddable":true,"href":"https:\/\/miju.es\/w\/en\/wp-json\/wp\/v2\/users\/1"}],"replies":[{"embeddable":true,"href":"https:\/\/miju.es\/w\/en\/wp-json\/wp\/v2\/comments?post=578"}],"version-history":[{"count":1,"href":"https:\/\/miju.es\/w\/en\/wp-json\/wp\/v2\/pages\/578\/revisions"}],"predecessor-version":[{"id":582,"href":"https:\/\/miju.es\/w\/en\/wp-json\/wp\/v2\/pages\/578\/revisions\/582"}],"wp:attachment":[{"href":"https:\/\/miju.es\/w\/en\/wp-json\/wp\/v2\/media?parent=578"}],"curies":[{"name":"wp","href":"https:\/\/api.w.org\/{rel}","templated":true}]}}